
{"id":1453,"date":"2024-04-19T10:54:31","date_gmt":"2024-04-19T09:54:31","guid":{"rendered":"https:\/\/etv-pro.com\/?post_type=product&#038;p=1453"},"modified":"2026-04-26T13:46:45","modified_gmt":"2026-04-26T12:46:45","slug":"36m-advancedplan","status":"publish","type":"product","link":"https:\/\/etv-pro.com\/fr\/product\/36m-advancedplan\/","title":{"rendered":"Plan avanc\u00e9-36 mois-"},"content":{"rendered":"<h3 data-start=\"2161\" data-end=\"2179\">\ud83d\udd38 Description<\/h3>\n<p data-start=\"2180\" data-end=\"2380\">L'abonnement IPTV 36 mois est la solution la plus avantageuse sur le long terme. Il garantit un co\u00fbt mensuel tr\u00e8s r\u00e9duit, une stabilit\u00e9 maximale et une tranquillit\u00e9 totale face aux variations de prix.<\/p>\n<h3 data-start=\"2382\" data-end=\"2400\">\ud83d\udd38 Points cl\u00e9s<\/h3>\n<ul data-start=\"2401\" data-end=\"2637\">\n<li data-start=\"2401\" data-end=\"2460\">\n<p data-start=\"2403\" data-end=\"2460\">Acc\u00e8s premium aux cha\u00eenes internationales et africaines<\/p>\n<\/li>\n<li data-start=\"2461\" data-end=\"2496\">\n<p data-start=\"2463\" data-end=\"2496\">Streaming SD, HD, Full HD et 4K<\/p>\n<\/li>\n<li data-start=\"2497\" data-end=\"2541\">\n<p data-start=\"2499\" data-end=\"2541\">VOD compl\u00e8te, sports et contenus premium<\/p>\n<\/li>\n<li data-start=\"2542\" data-end=\"2589\">\n<p data-start=\"2544\" data-end=\"2589\">Exp\u00e9rience fluide adapt\u00e9e aux grands \u00e9crans<\/p>\n<\/li>\n<li data-start=\"2590\" data-end=\"2637\">\n<p data-start=\"2592\" data-end=\"2637\">Priorit\u00e9 de traitement et assistance d\u00e9di\u00e9e<\/p>\n<\/li>\n<\/ul>\n<h3 data-start=\"2639\" data-end=\"2671\">\ud83d\udd38 \u00c0 qui s'adresse ce plan ?<\/h3>\n<p data-start=\"2672\" data-end=\"2815\">Ce plan est id\u00e9al pour les utilisateurs intensifs, les foyers \u00e9quip\u00e9s de grands t\u00e9l\u00e9viseurs et ceux qui recherchent la meilleure offre durable.<\/p>\n<h3 data-start=\"2817\" data-end=\"2842\">\ud83d\udd38 Avantage principal<\/h3>\n<p data-start=\"2843\" data-end=\"2955\">Avec 36 mois \u00e0 <strong data-start=\"2858\" data-end=\"2869\">69,99 \u20ac<\/strong>, vous b\u00e9n\u00e9ficiez du meilleur co\u00fbt mensuel et s\u00e9curisez votre abonnement sur la dur\u00e9e.<\/p>","protected":false},"excerpt":{"rendered":"<p>\ud83d\udd38 Description L\u2019abonnement IPTV 36 mois est la solution la plus avantageuse sur le long terme. Il garantit un co\u00fbt mensuel tr\u00e8s r\u00e9duit, une stabilit\u00e9 maximale et une tranquillit\u00e9 totale face aux variations de prix. \ud83d\udd38 Points cl\u00e9s Acc\u00e8s premium aux cha\u00eenes internationales et africaines Streaming SD, HD, Full HD et 4K VOD compl\u00e8te, sports &#8230; <a title=\"Plan avanc\u00e9-36 mois-\" class=\"read-more\" href=\"https:\/\/etv-pro.com\/fr\/product\/36m-advancedplan\/\" aria-label=\"Read more about Advanced Plan-36 Months-\">Lire la suite<\/a><\/p>","protected":false},"featured_media":2185,"comment_status":"open","ping_status":"closed","template":"","meta":[],"product_cat":[15],"product_tag":[],"class_list":{"0":"post-1453","1":"product","2":"type-product","3":"status-publish","4":"has-post-thumbnail","6":"product_cat-plans","8":"first","9":"instock","10":"sale","11":"virtual","12":"taxable","13":"purchasable","14":"product-type-simple"},"yoast_head":"<!-- This site is optimized with the Yoast SEO plugin v23.4 - https:\/\/yoast.com\/wordpress\/plugins\/seo\/ -->\n<title>ETV-PRO IPTV 36 mois Afrique | Offre longue dur\u00e9e 69,99 \u20ac<\/title>\n<meta name=\"description\" content=\"Abonnement IPTV 36 mois en Afrique \u00e0 69,99 \u20ac. Streaming HD et 4K, cha\u00eenes internationales, VOD, sports et stabilit\u00e9 maximale.\" \/>\n<meta name=\"robots\" content=\"index, follow, max-snippet:-1, max-image-preview:large, max-video-preview:-1\" \/>\n<link rel=\"canonical\" href=\"https:\/\/etv-pro.com\/fr\/produit\/36m-advancedplan\/\" \/>\n<meta property=\"og:locale\" content=\"fr_FR\" \/>\n<meta property=\"og:type\" content=\"article\" \/>\n<meta property=\"og:title\" content=\"ETV-PRO IPTV 36 mois Afrique | Offre longue dur\u00e9e 69,99 \u20ac\" \/>\n<meta property=\"og:description\" content=\"Abonnement IPTV 36 mois en Afrique \u00e0 69,99 \u20ac. Streaming HD et 4K, cha\u00eenes internationales, VOD, sports et stabilit\u00e9 maximale.\" \/>\n<meta property=\"og:url\" content=\"https:\/\/etv-pro.com\/fr\/produit\/36m-advancedplan\/\" \/>\n<meta property=\"og:site_name\" content=\"ETV-PRO\" \/>\n<meta property=\"article:publisher\" content=\"https:\/\/www.facebook.com\/etvpro25\/\" \/>\n<meta property=\"article:modified_time\" content=\"2026-04-26T12:46:45+00:00\" \/>\n<meta property=\"og:image\" content=\"https:\/\/etv-pro.com\/wp-content\/uploads\/2024\/09\/ADVANCED-PLAN.jpg\" \/>\n\t<meta property=\"og:image:width\" content=\"1438\" \/>\n\t<meta property=\"og:image:height\" content=\"1078\" \/>\n\t<meta property=\"og:image:type\" content=\"image\/jpeg\" \/>\n<meta name=\"twitter:card\" content=\"summary_large_image\" \/>\n<meta name=\"twitter:site\" content=\"@etvpro25\" \/>\n<meta name=\"twitter:label1\" content=\"Dur\u00e9e de lecture estim\u00e9e\" \/>\n\t<meta name=\"twitter:data1\" content=\"1 minute\" \/>\n<script type=\"application\/ld+json\" class=\"yoast-schema-graph\">{\"@context\":\"https:\/\/schema.org\",\"@graph\":[{\"@type\":\"WebPage\",\"@id\":\"https:\/\/etv-pro.com\/product\/36m-advancedplan\/\",\"url\":\"https:\/\/etv-pro.com\/product\/36m-advancedplan\/\",\"name\":\"ETV-PRO IPTV 36 mois Afrique | Offre longue dur\u00e9e 69,99 \u20ac\",\"isPartOf\":{\"@id\":\"https:\/\/etv-pro.com\/#website\"},\"primaryImageOfPage\":{\"@id\":\"https:\/\/etv-pro.com\/product\/36m-advancedplan\/#primaryimage\"},\"image\":{\"@id\":\"https:\/\/etv-pro.com\/product\/36m-advancedplan\/#primaryimage\"},\"thumbnailUrl\":\"https:\/\/etv-pro.com\/wp-content\/uploads\/2024\/09\/ADVANCED-PLAN.jpg\",\"datePublished\":\"2024-04-19T09:54:31+00:00\",\"dateModified\":\"2026-04-26T12:46:45+00:00\",\"description\":\"Abonnement IPTV 36 mois en Afrique \u00e0 69,99 \u20ac. Streaming HD et 4K, cha\u00eenes internationales, VOD, sports et stabilit\u00e9 maximale.\",\"breadcrumb\":{\"@id\":\"https:\/\/etv-pro.com\/product\/36m-advancedplan\/#breadcrumb\"},\"inLanguage\":\"fr-FR\",\"potentialAction\":[{\"@type\":\"ReadAction\",\"target\":[\"https:\/\/etv-pro.com\/product\/36m-advancedplan\/\"]}]},{\"@type\":\"ImageObject\",\"inLanguage\":\"fr-FR\",\"@id\":\"https:\/\/etv-pro.com\/product\/36m-advancedplan\/#primaryimage\",\"url\":\"https:\/\/etv-pro.com\/wp-content\/uploads\/2024\/09\/ADVANCED-PLAN.jpg\",\"contentUrl\":\"https:\/\/etv-pro.com\/wp-content\/uploads\/2024\/09\/ADVANCED-PLAN.jpg\",\"width\":1438,\"height\":1078,\"caption\":\"Le plan IPTV 24 mois offre le meilleur \u00e9quilibre entre prix, stabilit\u00e9 et qualit\u00e9 pour l\u2019Afrique.\"},{\"@type\":\"BreadcrumbList\",\"@id\":\"https:\/\/etv-pro.com\/product\/36m-advancedplan\/#breadcrumb\",\"itemListElement\":[{\"@type\":\"ListItem\",\"position\":1,\"name\":\"Home\",\"item\":\"https:\/\/etv-pro.com\/\"},{\"@type\":\"ListItem\",\"position\":2,\"name\":\"Products\",\"item\":\"https:\/\/etv-pro.com\/shop__trashed\/\"},{\"@type\":\"ListItem\",\"position\":3,\"name\":\"Advanced Plan-36 Months-\"}]},{\"@type\":\"WebSite\",\"@id\":\"https:\/\/etv-pro.com\/#website\",\"url\":\"https:\/\/etv-pro.com\/\",\"name\":\"ETV-PRO\",\"description\":\"THE BEST IP STREAMING PLATFORM, STABLE, WITH LOW PRICES\",\"publisher\":{\"@id\":\"https:\/\/etv-pro.com\/#organization\"},\"potentialAction\":[{\"@type\":\"SearchAction\",\"target\":{\"@type\":\"EntryPoint\",\"urlTemplate\":\"https:\/\/etv-pro.com\/?s={search_term_string}\"},\"query-input\":{\"@type\":\"PropertyValueSpecification\",\"valueRequired\":true,\"valueName\":\"search_term_string\"}}],\"inLanguage\":\"fr-FR\"},{\"@type\":\"Organization\",\"@id\":\"https:\/\/etv-pro.com\/#organization\",\"name\":\"ETV-PRO\",\"url\":\"https:\/\/etv-pro.com\/\",\"logo\":{\"@type\":\"ImageObject\",\"inLanguage\":\"fr-FR\",\"@id\":\"https:\/\/etv-pro.com\/#\/schema\/logo\/image\/\",\"url\":\"https:\/\/etv-pro.com\/wp-content\/uploads\/2023\/05\/logo-ETVpro-png.png\",\"contentUrl\":\"https:\/\/etv-pro.com\/wp-content\/uploads\/2023\/05\/logo-ETVpro-png.png\",\"width\":1563,\"height\":1563,\"caption\":\"ETV-PRO\"},\"image\":{\"@id\":\"https:\/\/etv-pro.com\/#\/schema\/logo\/image\/\"},\"sameAs\":[\"https:\/\/www.facebook.com\/etvpro25\/\",\"https:\/\/x.com\/etvpro25\",\"https:\/\/www.instagram.com\/etvpro25\/\"]}]}<\/script>\n<!-- \/ Yoast SEO plugin. -->","yoast_head_json":{"title":"ETV-PRO IPTV 36 mois Afrique | Offre longue dur\u00e9e 69,99 \u20ac","description":"Abonnement IPTV 36 mois en Afrique \u00e0 69,99 \u20ac. Streaming HD et 4K, cha\u00eenes internationales, VOD, sports et stabilit\u00e9 maximale.","robots":{"index":"index","follow":"follow","max-snippet":"max-snippet:-1","max-image-preview":"max-image-preview:large","max-video-preview":"max-video-preview:-1"},"canonical":"https:\/\/etv-pro.com\/fr\/produit\/36m-advancedplan\/","og_locale":"fr_FR","og_type":"article","og_title":"ETV-PRO IPTV 36 mois Afrique | Offre longue dur\u00e9e 69,99 \u20ac","og_description":"Abonnement IPTV 36 mois en Afrique \u00e0 69,99 \u20ac. Streaming HD et 4K, cha\u00eenes internationales, VOD, sports et stabilit\u00e9 maximale.","og_url":"https:\/\/etv-pro.com\/fr\/produit\/36m-advancedplan\/","og_site_name":"ETV-PRO","article_publisher":"https:\/\/www.facebook.com\/etvpro25\/","article_modified_time":"2026-04-26T12:46:45+00:00","og_image":[{"width":1438,"height":1078,"url":"https:\/\/etv-pro.com\/wp-content\/uploads\/2024\/09\/ADVANCED-PLAN.jpg","type":"image\/jpeg"}],"twitter_card":"summary_large_image","twitter_site":"@etvpro25","twitter_misc":{"Dur\u00e9e de lecture estim\u00e9e":"1 minute"},"schema":{"@context":"https:\/\/schema.org","@graph":[{"@type":"WebPage","@id":"https:\/\/etv-pro.com\/product\/36m-advancedplan\/","url":"https:\/\/etv-pro.com\/product\/36m-advancedplan\/","name":"ETV-PRO IPTV 36 mois Afrique | Offre longue dur\u00e9e 69,99 \u20ac","isPartOf":{"@id":"https:\/\/etv-pro.com\/#website"},"primaryImageOfPage":{"@id":"https:\/\/etv-pro.com\/product\/36m-advancedplan\/#primaryimage"},"image":{"@id":"https:\/\/etv-pro.com\/product\/36m-advancedplan\/#primaryimage"},"thumbnailUrl":"https:\/\/etv-pro.com\/wp-content\/uploads\/2024\/09\/ADVANCED-PLAN.jpg","datePublished":"2024-04-19T09:54:31+00:00","dateModified":"2026-04-26T12:46:45+00:00","description":"Abonnement IPTV 36 mois en Afrique \u00e0 69,99 \u20ac. Streaming HD et 4K, cha\u00eenes internationales, VOD, sports et stabilit\u00e9 maximale.","breadcrumb":{"@id":"https:\/\/etv-pro.com\/product\/36m-advancedplan\/#breadcrumb"},"inLanguage":"fr-FR","potentialAction":[{"@type":"ReadAction","target":["https:\/\/etv-pro.com\/product\/36m-advancedplan\/"]}]},{"@type":"ImageObject","inLanguage":"fr-FR","@id":"https:\/\/etv-pro.com\/product\/36m-advancedplan\/#primaryimage","url":"https:\/\/etv-pro.com\/wp-content\/uploads\/2024\/09\/ADVANCED-PLAN.jpg","contentUrl":"https:\/\/etv-pro.com\/wp-content\/uploads\/2024\/09\/ADVANCED-PLAN.jpg","width":1438,"height":1078,"caption":"Le plan IPTV 24 mois offre le meilleur \u00e9quilibre entre prix, stabilit\u00e9 et qualit\u00e9 pour l\u2019Afrique."},{"@type":"BreadcrumbList","@id":"https:\/\/etv-pro.com\/product\/36m-advancedplan\/#breadcrumb","itemListElement":[{"@type":"ListItem","position":1,"name":"Home","item":"https:\/\/etv-pro.com\/"},{"@type":"ListItem","position":2,"name":"Products","item":"https:\/\/etv-pro.com\/shop__trashed\/"},{"@type":"ListItem","position":3,"name":"Advanced Plan-36 Months-"}]},{"@type":"WebSite","@id":"https:\/\/etv-pro.com\/#website","url":"https:\/\/etv-pro.com\/","name":"ETV-PRO","description":"LA MEILLEURE PLATEFORME DE STREAMING IP, STABLE, AVEC DES PRIX BAS","publisher":{"@id":"https:\/\/etv-pro.com\/#organization"},"potentialAction":[{"@type":"SearchAction","target":{"@type":"EntryPoint","urlTemplate":"https:\/\/etv-pro.com\/?s={search_term_string}"},"query-input":{"@type":"PropertyValueSpecification","valueRequired":true,"valueName":"search_term_string"}}],"inLanguage":"fr-FR"},{"@type":"Organization","@id":"https:\/\/etv-pro.com\/#organization","name":"ETV-PRO","url":"https:\/\/etv-pro.com\/","logo":{"@type":"ImageObject","inLanguage":"fr-FR","@id":"https:\/\/etv-pro.com\/#\/schema\/logo\/image\/","url":"https:\/\/etv-pro.com\/wp-content\/uploads\/2023\/05\/logo-ETVpro-png.png","contentUrl":"https:\/\/etv-pro.com\/wp-content\/uploads\/2023\/05\/logo-ETVpro-png.png","width":1563,"height":1563,"caption":"ETV-PRO"},"image":{"@id":"https:\/\/etv-pro.com\/#\/schema\/logo\/image\/"},"sameAs":["https:\/\/www.facebook.com\/etvpro25\/","https:\/\/x.com\/etvpro25","https:\/\/www.instagram.com\/etvpro25\/"]}]}},"_links":{"self":[{"href":"https:\/\/etv-pro.com\/fr\/wp-json\/wp\/v2\/product\/1453"}],"collection":[{"href":"https:\/\/etv-pro.com\/fr\/wp-json\/wp\/v2\/product"}],"about":[{"href":"https:\/\/etv-pro.com\/fr\/wp-json\/wp\/v2\/types\/product"}],"replies":[{"embeddable":true,"href":"https:\/\/etv-pro.com\/fr\/wp-json\/wp\/v2\/comments?post=1453"}],"wp:featuredmedia":[{"embeddable":true,"href":"https:\/\/etv-pro.com\/fr\/wp-json\/wp\/v2\/media\/2185"}],"wp:attachment":[{"href":"https:\/\/etv-pro.com\/fr\/wp-json\/wp\/v2\/media?parent=1453"}],"wp:term":[{"taxonomy":"product_cat","embeddable":true,"href":"https:\/\/etv-pro.com\/fr\/wp-json\/wp\/v2\/product_cat?post=1453"},{"taxonomy":"product_tag","embeddable":true,"href":"https:\/\/etv-pro.com\/fr\/wp-json\/wp\/v2\/product_tag?post=1453"}],"curies":[{"name":"wp","href":"https:\/\/api.w.org\/{rel}","templated":true}]}}