
{"id":1450,"date":"2024-04-19T10:54:31","date_gmt":"2024-04-19T09:54:31","guid":{"rendered":"https:\/\/etv-pro.com\/?post_type=product&#038;p=1450"},"modified":"2026-01-02T16:15:59","modified_gmt":"2026-01-02T16:15:59","slug":"24month-smartplan","status":"publish","type":"product","link":"https:\/\/etv-pro.com\/fr\/product\/24month-smartplan\/","title":{"rendered":"Plan intelligent-24 mois-"},"content":{"rendered":"<h3 data-start=\"1263\" data-end=\"1281\">\ud83d\udd38 Description<\/h3>\n<p data-start=\"1282\" data-end=\"1499\">L'abonnement IPTV 24 mois offre le meilleur \u00e9quilibre entre prix et stabilit\u00e9. Il permet de profiter d'un tarif mensuel r\u00e9duit tout en b\u00e9n\u00e9ficiant d'une solution fiable et durable, adapt\u00e9e \u00e0 une utilisation r\u00e9guli\u00e8re.<\/p>\n<h3 data-start=\"1501\" data-end=\"1519\">\ud83d\udd38 Points cl\u00e9s<\/h3>\n<ul data-start=\"1520\" data-end=\"1771\">\n<li data-start=\"1520\" data-end=\"1579\">\n<p data-start=\"1522\" data-end=\"1579\">Acc\u00e8s complet aux cha\u00eenes internationales et africaines<\/p>\n<\/li>\n<li data-start=\"1580\" data-end=\"1628\">\n<p data-start=\"1582\" data-end=\"1628\">Streaming HD, Full HD et 4K selon le contenu<\/p>\n<\/li>\n<li data-start=\"1629\" data-end=\"1669\">\n<p data-start=\"1631\" data-end=\"1669\">VOD, sports et divertissement inclus<\/p>\n<\/li>\n<li data-start=\"1670\" data-end=\"1724\">\n<p data-start=\"1672\" data-end=\"1724\">Serveurs optimis\u00e9s pour une utilisation en Afrique<\/p>\n<\/li>\n<li data-start=\"1725\" data-end=\"1771\">\n<p data-start=\"1727\" data-end=\"1771\">Activation rapide et assistance disponible<\/p>\n<\/li>\n<\/ul>\n<h3 data-start=\"1773\" data-end=\"1805\">\ud83d\udd38 \u00c0 qui s'adresse ce plan ?<\/h3>\n<p data-start=\"1806\" data-end=\"1950\">Ce plan convient parfaitement aux utilisateurs r\u00e9guliers, aux familles et aux amateurs de sport souhaitant \u00e9viter les renouvellements fr\u00e9quents.<\/p>\n<h3 data-start=\"1952\" data-end=\"1980\">\ud83d\udd38 Pourquoi le choisir ?<\/h3>\n<p data-start=\"1981\" data-end=\"2100\">C'est le plan le plus choisi par nos clients pour son excellent rapport qualit\u00e9-prix et sa stabilit\u00e9 sur le long terme.<\/p>","protected":false},"excerpt":{"rendered":"<p>\ud83d\udd38 Description L\u2019abonnement IPTV 24 mois offre le meilleur \u00e9quilibre entre prix et stabilit\u00e9. Il permet de profiter d\u2019un tarif mensuel r\u00e9duit tout en b\u00e9n\u00e9ficiant d\u2019une solution fiable et durable, adapt\u00e9e \u00e0 une utilisation r\u00e9guli\u00e8re. \ud83d\udd38 Points cl\u00e9s Acc\u00e8s complet aux cha\u00eenes internationales et africaines Streaming HD, Full HD et 4K selon le contenu VOD, &#8230; <a title=\"Plan intelligent-24 mois-\" class=\"read-more\" href=\"https:\/\/etv-pro.com\/fr\/product\/24month-smartplan\/\" aria-label=\"Read more about Smart Plan-24 Months-\">Lire la suite<\/a><\/p>","protected":false},"featured_media":2185,"comment_status":"open","ping_status":"closed","template":"","meta":[],"product_cat":[15],"product_tag":[],"class_list":{"0":"post-1450","1":"product","2":"type-product","3":"status-publish","4":"has-post-thumbnail","6":"product_cat-plans","8":"first","9":"instock","10":"sale","11":"virtual","12":"taxable","13":"purchasable","14":"product-type-simple"},"yoast_head":"<!-- This site is optimized with the Yoast SEO plugin v23.4 - https:\/\/yoast.com\/wordpress\/plugins\/seo\/ -->\n<title>IPTV 24 mois Afrique | Meilleur rapport qualit\u00e9-prix ETVPRO<\/title>\n<meta name=\"description\" content=\"Abonnement IPTV 24 mois en Afrique. Qualit\u00e9 SD, HD et 4K, cha\u00eenes internationales, VOD, sports et stabilit\u00e9 longue dur\u00e9e au meilleur prix.\" \/>\n<meta name=\"robots\" content=\"index, follow, max-snippet:-1, max-image-preview:large, max-video-preview:-1\" \/>\n<link rel=\"canonical\" href=\"https:\/\/etv-pro.com\/fr\/produit\/24month-smartplan\/\" \/>\n<meta property=\"og:locale\" content=\"fr_FR\" \/>\n<meta property=\"og:type\" content=\"article\" \/>\n<meta property=\"og:title\" content=\"IPTV 24 mois Afrique | Meilleur rapport qualit\u00e9-prix ETVPRO\" \/>\n<meta property=\"og:description\" content=\"Abonnement IPTV 24 mois en Afrique. Qualit\u00e9 SD, HD et 4K, cha\u00eenes internationales, VOD, sports et stabilit\u00e9 longue dur\u00e9e au meilleur prix.\" \/>\n<meta property=\"og:url\" content=\"https:\/\/etv-pro.com\/fr\/produit\/24month-smartplan\/\" \/>\n<meta property=\"og:site_name\" content=\"ETV-PRO\" \/>\n<meta property=\"article:publisher\" content=\"https:\/\/www.facebook.com\/etvpro25\/\" \/>\n<meta property=\"article:modified_time\" content=\"2026-01-02T16:15:59+00:00\" \/>\n<meta property=\"og:image\" content=\"https:\/\/etv-pro.com\/wp-content\/uploads\/2024\/09\/ADVANCED-PLAN.jpg\" \/>\n\t<meta property=\"og:image:width\" content=\"1438\" \/>\n\t<meta property=\"og:image:height\" content=\"1078\" \/>\n\t<meta property=\"og:image:type\" content=\"image\/jpeg\" \/>\n<meta name=\"twitter:card\" content=\"summary_large_image\" \/>\n<meta name=\"twitter:site\" content=\"@etvpro25\" \/>\n<meta name=\"twitter:label1\" content=\"Dur\u00e9e de lecture estim\u00e9e\" \/>\n\t<meta name=\"twitter:data1\" content=\"1 minute\" \/>\n<script type=\"application\/ld+json\" class=\"yoast-schema-graph\">{\"@context\":\"https:\/\/schema.org\",\"@graph\":[{\"@type\":\"WebPage\",\"@id\":\"https:\/\/etv-pro.com\/product\/24month-smartplan\/\",\"url\":\"https:\/\/etv-pro.com\/product\/24month-smartplan\/\",\"name\":\"IPTV 24 mois Afrique | Meilleur rapport qualit\u00e9-prix ETVPRO\",\"isPartOf\":{\"@id\":\"https:\/\/etv-pro.com\/#website\"},\"primaryImageOfPage\":{\"@id\":\"https:\/\/etv-pro.com\/product\/24month-smartplan\/#primaryimage\"},\"image\":{\"@id\":\"https:\/\/etv-pro.com\/product\/24month-smartplan\/#primaryimage\"},\"thumbnailUrl\":\"https:\/\/etv-pro.com\/wp-content\/uploads\/2024\/09\/ADVANCED-PLAN.jpg\",\"datePublished\":\"2024-04-19T09:54:31+00:00\",\"dateModified\":\"2026-01-02T16:15:59+00:00\",\"description\":\"Abonnement IPTV 24 mois en Afrique. Qualit\u00e9 SD, HD et 4K, cha\u00eenes internationales, VOD, sports et stabilit\u00e9 longue dur\u00e9e au meilleur prix.\",\"breadcrumb\":{\"@id\":\"https:\/\/etv-pro.com\/product\/24month-smartplan\/#breadcrumb\"},\"inLanguage\":\"fr-FR\",\"potentialAction\":[{\"@type\":\"ReadAction\",\"target\":[\"https:\/\/etv-pro.com\/product\/24month-smartplan\/\"]}]},{\"@type\":\"ImageObject\",\"inLanguage\":\"fr-FR\",\"@id\":\"https:\/\/etv-pro.com\/product\/24month-smartplan\/#primaryimage\",\"url\":\"https:\/\/etv-pro.com\/wp-content\/uploads\/2024\/09\/ADVANCED-PLAN.jpg\",\"contentUrl\":\"https:\/\/etv-pro.com\/wp-content\/uploads\/2024\/09\/ADVANCED-PLAN.jpg\",\"width\":1438,\"height\":1078,\"caption\":\"Le plan IPTV 24 mois offre le meilleur \u00e9quilibre entre prix, stabilit\u00e9 et qualit\u00e9 pour l\u2019Afrique.\"},{\"@type\":\"BreadcrumbList\",\"@id\":\"https:\/\/etv-pro.com\/product\/24month-smartplan\/#breadcrumb\",\"itemListElement\":[{\"@type\":\"ListItem\",\"position\":1,\"name\":\"Home\",\"item\":\"https:\/\/etv-pro.com\/\"},{\"@type\":\"ListItem\",\"position\":2,\"name\":\"Products\",\"item\":\"https:\/\/etv-pro.com\/shop__trashed\/\"},{\"@type\":\"ListItem\",\"position\":3,\"name\":\"Smart Plan-24 Months-\"}]},{\"@type\":\"WebSite\",\"@id\":\"https:\/\/etv-pro.com\/#website\",\"url\":\"https:\/\/etv-pro.com\/\",\"name\":\"ETV-PRO\",\"description\":\"THE BEST IP STREAMING PLATFORM, STABLE, WITH LOW PRICES\",\"publisher\":{\"@id\":\"https:\/\/etv-pro.com\/#organization\"},\"potentialAction\":[{\"@type\":\"SearchAction\",\"target\":{\"@type\":\"EntryPoint\",\"urlTemplate\":\"https:\/\/etv-pro.com\/?s={search_term_string}\"},\"query-input\":{\"@type\":\"PropertyValueSpecification\",\"valueRequired\":true,\"valueName\":\"search_term_string\"}}],\"inLanguage\":\"fr-FR\"},{\"@type\":\"Organization\",\"@id\":\"https:\/\/etv-pro.com\/#organization\",\"name\":\"ETV-PRO\",\"url\":\"https:\/\/etv-pro.com\/\",\"logo\":{\"@type\":\"ImageObject\",\"inLanguage\":\"fr-FR\",\"@id\":\"https:\/\/etv-pro.com\/#\/schema\/logo\/image\/\",\"url\":\"https:\/\/etv-pro.com\/wp-content\/uploads\/2023\/05\/logo-ETVpro-png.png\",\"contentUrl\":\"https:\/\/etv-pro.com\/wp-content\/uploads\/2023\/05\/logo-ETVpro-png.png\",\"width\":1563,\"height\":1563,\"caption\":\"ETV-PRO\"},\"image\":{\"@id\":\"https:\/\/etv-pro.com\/#\/schema\/logo\/image\/\"},\"sameAs\":[\"https:\/\/www.facebook.com\/etvpro25\/\",\"https:\/\/x.com\/etvpro25\",\"https:\/\/www.instagram.com\/etvpro25\/\"]}]}<\/script>\n<!-- \/ Yoast SEO plugin. -->","yoast_head_json":{"title":"IPTV 24 mois Afrique | Meilleur rapport qualit\u00e9-prix ETVPRO","description":"Abonnement IPTV 24 mois en Afrique. Qualit\u00e9 SD, HD et 4K, cha\u00eenes internationales, VOD, sports et stabilit\u00e9 longue dur\u00e9e au meilleur prix.","robots":{"index":"index","follow":"follow","max-snippet":"max-snippet:-1","max-image-preview":"max-image-preview:large","max-video-preview":"max-video-preview:-1"},"canonical":"https:\/\/etv-pro.com\/fr\/produit\/24month-smartplan\/","og_locale":"fr_FR","og_type":"article","og_title":"IPTV 24 mois Afrique | Meilleur rapport qualit\u00e9-prix ETVPRO","og_description":"Abonnement IPTV 24 mois en Afrique. Qualit\u00e9 SD, HD et 4K, cha\u00eenes internationales, VOD, sports et stabilit\u00e9 longue dur\u00e9e au meilleur prix.","og_url":"https:\/\/etv-pro.com\/fr\/produit\/24month-smartplan\/","og_site_name":"ETV-PRO","article_publisher":"https:\/\/www.facebook.com\/etvpro25\/","article_modified_time":"2026-01-02T16:15:59+00:00","og_image":[{"width":1438,"height":1078,"url":"https:\/\/etv-pro.com\/wp-content\/uploads\/2024\/09\/ADVANCED-PLAN.jpg","type":"image\/jpeg"}],"twitter_card":"summary_large_image","twitter_site":"@etvpro25","twitter_misc":{"Dur\u00e9e de lecture estim\u00e9e":"1 minute"},"schema":{"@context":"https:\/\/schema.org","@graph":[{"@type":"WebPage","@id":"https:\/\/etv-pro.com\/product\/24month-smartplan\/","url":"https:\/\/etv-pro.com\/product\/24month-smartplan\/","name":"IPTV 24 mois Afrique | Meilleur rapport qualit\u00e9-prix ETVPRO","isPartOf":{"@id":"https:\/\/etv-pro.com\/#website"},"primaryImageOfPage":{"@id":"https:\/\/etv-pro.com\/product\/24month-smartplan\/#primaryimage"},"image":{"@id":"https:\/\/etv-pro.com\/product\/24month-smartplan\/#primaryimage"},"thumbnailUrl":"https:\/\/etv-pro.com\/wp-content\/uploads\/2024\/09\/ADVANCED-PLAN.jpg","datePublished":"2024-04-19T09:54:31+00:00","dateModified":"2026-01-02T16:15:59+00:00","description":"Abonnement IPTV 24 mois en Afrique. Qualit\u00e9 SD, HD et 4K, cha\u00eenes internationales, VOD, sports et stabilit\u00e9 longue dur\u00e9e au meilleur prix.","breadcrumb":{"@id":"https:\/\/etv-pro.com\/product\/24month-smartplan\/#breadcrumb"},"inLanguage":"fr-FR","potentialAction":[{"@type":"ReadAction","target":["https:\/\/etv-pro.com\/product\/24month-smartplan\/"]}]},{"@type":"ImageObject","inLanguage":"fr-FR","@id":"https:\/\/etv-pro.com\/product\/24month-smartplan\/#primaryimage","url":"https:\/\/etv-pro.com\/wp-content\/uploads\/2024\/09\/ADVANCED-PLAN.jpg","contentUrl":"https:\/\/etv-pro.com\/wp-content\/uploads\/2024\/09\/ADVANCED-PLAN.jpg","width":1438,"height":1078,"caption":"Le plan IPTV 24 mois offre le meilleur \u00e9quilibre entre prix, stabilit\u00e9 et qualit\u00e9 pour l\u2019Afrique."},{"@type":"BreadcrumbList","@id":"https:\/\/etv-pro.com\/product\/24month-smartplan\/#breadcrumb","itemListElement":[{"@type":"ListItem","position":1,"name":"Home","item":"https:\/\/etv-pro.com\/"},{"@type":"ListItem","position":2,"name":"Products","item":"https:\/\/etv-pro.com\/shop__trashed\/"},{"@type":"ListItem","position":3,"name":"Smart Plan-24 Months-"}]},{"@type":"WebSite","@id":"https:\/\/etv-pro.com\/#website","url":"https:\/\/etv-pro.com\/","name":"ETV-PRO","description":"LA MEILLEURE PLATEFORME DE STREAMING IP, STABLE, AVEC DES PRIX BAS","publisher":{"@id":"https:\/\/etv-pro.com\/#organization"},"potentialAction":[{"@type":"SearchAction","target":{"@type":"EntryPoint","urlTemplate":"https:\/\/etv-pro.com\/?s={search_term_string}"},"query-input":{"@type":"PropertyValueSpecification","valueRequired":true,"valueName":"search_term_string"}}],"inLanguage":"fr-FR"},{"@type":"Organization","@id":"https:\/\/etv-pro.com\/#organization","name":"ETV-PRO","url":"https:\/\/etv-pro.com\/","logo":{"@type":"ImageObject","inLanguage":"fr-FR","@id":"https:\/\/etv-pro.com\/#\/schema\/logo\/image\/","url":"https:\/\/etv-pro.com\/wp-content\/uploads\/2023\/05\/logo-ETVpro-png.png","contentUrl":"https:\/\/etv-pro.com\/wp-content\/uploads\/2023\/05\/logo-ETVpro-png.png","width":1563,"height":1563,"caption":"ETV-PRO"},"image":{"@id":"https:\/\/etv-pro.com\/#\/schema\/logo\/image\/"},"sameAs":["https:\/\/www.facebook.com\/etvpro25\/","https:\/\/x.com\/etvpro25","https:\/\/www.instagram.com\/etvpro25\/"]}]}},"_links":{"self":[{"href":"https:\/\/etv-pro.com\/fr\/wp-json\/wp\/v2\/product\/1450"}],"collection":[{"href":"https:\/\/etv-pro.com\/fr\/wp-json\/wp\/v2\/product"}],"about":[{"href":"https:\/\/etv-pro.com\/fr\/wp-json\/wp\/v2\/types\/product"}],"replies":[{"embeddable":true,"href":"https:\/\/etv-pro.com\/fr\/wp-json\/wp\/v2\/comments?post=1450"}],"wp:featuredmedia":[{"embeddable":true,"href":"https:\/\/etv-pro.com\/fr\/wp-json\/wp\/v2\/media\/2185"}],"wp:attachment":[{"href":"https:\/\/etv-pro.com\/fr\/wp-json\/wp\/v2\/media?parent=1450"}],"wp:term":[{"taxonomy":"product_cat","embeddable":true,"href":"https:\/\/etv-pro.com\/fr\/wp-json\/wp\/v2\/product_cat?post=1450"},{"taxonomy":"product_tag","embeddable":true,"href":"https:\/\/etv-pro.com\/fr\/wp-json\/wp\/v2\/product_tag?post=1450"}],"curies":[{"name":"wp","href":"https:\/\/api.w.org\/{rel}","templated":true}]}}